{"id":19,"date":"2016-11-18T10:25:23","date_gmt":"2016-11-18T09:25:23","guid":{"rendered":"http:\/\/www.lvpc.gouby.fr\/?page_id=19"},"modified":"2026-03-30T17:01:55","modified_gmt":"2026-03-30T15:01:55","slug":"le-visage","status":"publish","type":"page","link":"https:\/\/la-vie-pour-christie.com\/index.php\/la-maladie\/le-visage\/","title":{"rendered":"Le visage"},"content":{"rendered":"<blockquote>\n<p align=\"justify\">Les photos qui suivent sont comment\u00e9es de fa\u00e7on \u00e0 comprendre o\u00f9 sont localis\u00e9es les l\u00e9sions et \u00e0 quel moment elles surviennent.<\/p>\n<\/blockquote>\n<p align=\"center\">\n<blockquote><p><strong>Christie:<\/strong> son visage est charg\u00e9 de l\u00e9sions cicatricielles qui peuvent saigner l\u2019hiver \u00e0 cause du froid, l\u2019\u00e9t\u00e9 \u00e0 cause de la chaleur qu\u2019elle ressent alors qu\u2019elle ne sort pas du domicile familial la journ\u00e9e, \u00e0 cause d\u2019une maladie b\u00e9nigne ou de la prise d\u2019un m\u00e9dicament. L\u2019hiver nous limitons nos sorties nocturnes, l\u2019\u00e9t\u00e9 nous ne sortons pas avant 22h00.<\/p><\/blockquote>\n<div id=\"attachment_272\" style=\"width: 1297px\" class=\"wp-caption alignnone\"><img loading=\"lazy\" decoding=\"async\" aria-describedby=\"caption-attachment-272\" class=\"size-full wp-image-272\" src=\"http:\/\/www.la-vie-pour-christie.com\/wp-content\/uploads\/2016\/11\/PC250015.jpg\" alt=\"OLYMPUS DIGITAL CAMERA\" width=\"1287\" height=\"897\" srcset=\"https:\/\/la-vie-pour-christie.com\/wp-content\/uploads\/2016\/11\/PC250015.jpg 1287w, https:\/\/la-vie-pour-christie.com\/wp-content\/uploads\/2016\/11\/PC250015-300x209.jpg 300w, https:\/\/la-vie-pour-christie.com\/wp-content\/uploads\/2016\/11\/PC250015-768x535.jpg 768w, https:\/\/la-vie-pour-christie.com\/wp-content\/uploads\/2016\/11\/PC250015-1024x714.jpg 1024w\" sizes=\"auto, (max-width: 1287px) 100vw, 1287px\" \/><p id=\"caption-attachment-272\" class=\"wp-caption-text\">OLYMPUS DIGITAL CAMERA<\/p><\/div>\n<h5 align=\"center\">L\u00e9sions cicatricielles<\/h5>\n<table border=\"0\" width=\"533\" align=\"center\">\n<tbody>\n<tr>\n<td align=\"center\" valign=\"middle\" width=\"239\">\u00a0<img loading=\"lazy\" decoding=\"async\" class=\"alignnone size-full wp-image-274\" src=\"http:\/\/www.la-vie-pour-christie.com\/wp-content\/uploads\/2016\/11\/visage2.jpg\" alt=\"visage2\" width=\"189\" height=\"154\" \/><\/td>\n<td align=\"center\" valign=\"middle\" width=\"284\"><img loading=\"lazy\" decoding=\"async\" class=\"alignnone size-full wp-image-273\" src=\"http:\/\/www.la-vie-pour-christie.com\/wp-content\/uploads\/2016\/11\/visage1.jpg\" alt=\"visage1\" width=\"189\" height=\"155\" \/><\/td>\n<\/tr>\n<tr>\n<td align=\"center\" valign=\"middle\">\n<h5>L\u00e9sions dues au froid<\/h5>\n<\/td>\n<td align=\"center\" valign=\"middle\">\n<h5>l\u00e9sions dues \u00e0 la prise d&rsquo;antibiotiques<\/h5>\n<\/td>\n<\/tr>\n<\/tbody>\n<\/table>\n<p>&nbsp;<\/p>\n<blockquote><p><strong> Charlie<\/strong>: sur son visage, la maladie est en pleine progression, nous esp\u00e9rons qu&rsquo;elle s&rsquo;att\u00e9nuera en grandissant, comme <strong>Christie<\/strong>. Malheureusement nous sommes dans l&rsquo;incapacit\u00e9 de la stopper afin de limiter les d\u00e9g\u00e2ts.<\/p><\/blockquote>\n<p><img loading=\"lazy\" decoding=\"async\" class=\"size-medium wp-image-275\" src=\"http:\/\/www.la-vie-pour-christie.com\/wp-content\/uploads\/2016\/11\/PC250007-209x300.jpg\" alt=\"OLYMPUS DIGITAL CAMERA\" width=\"209\" height=\"300\" srcset=\"https:\/\/la-vie-pour-christie.com\/wp-content\/uploads\/2016\/11\/PC250007-209x300.jpg 209w, https:\/\/la-vie-pour-christie.com\/wp-content\/uploads\/2016\/11\/PC250007-714x1024.jpg 714w, https:\/\/la-vie-pour-christie.com\/wp-content\/uploads\/2016\/11\/PC250007.jpg 738w\" sizes=\"auto, (max-width: 209px) 100vw, 209px\" \/><\/p>\n<p><img loading=\"lazy\" decoding=\"async\" class=\" wp-image-276\" src=\"http:\/\/www.la-vie-pour-christie.com\/wp-content\/uploads\/2016\/11\/PC250014.jpg\" alt=\"OLYMPUS DIGITAL CAMERA\" width=\"281\" height=\"223\" \/><\/p>\n<p align=\"center\">Une simple piq\u00fbre de moustique peut \u00e9voluer en drame malgr\u00e9 toutes les protections prises en permanence\u00a0!<\/p>\n<p align=\"center\"><img loading=\"lazy\" decoding=\"async\" class=\"alignnone size-medium wp-image-277\" src=\"http:\/\/www.la-vie-pour-christie.com\/wp-content\/uploads\/2016\/11\/visage4-300x244.jpg\" alt=\"visage4\" width=\"300\" height=\"244\" srcset=\"https:\/\/la-vie-pour-christie.com\/wp-content\/uploads\/2016\/11\/visage4-300x244.jpg 300w, https:\/\/la-vie-pour-christie.com\/wp-content\/uploads\/2016\/11\/visage4.jpg 360w\" sizes=\"auto, (max-width: 300px) 100vw, 300px\" \/><\/p>\n","protected":false},"excerpt":{"rendered":"<p>Les photos qui suivent sont comment\u00e9es de fa\u00e7on \u00e0 comprendre o\u00f9 sont localis\u00e9es les l\u00e9sions et \u00e0 quel moment elles surviennent. Christie: son visage est charg\u00e9 de l\u00e9sions cicatricielles qui peuvent saigner l\u2019hiver \u00e0 cause du froid, l\u2019\u00e9t\u00e9 \u00e0 cause de la chaleur qu\u2019elle ressent alors qu\u2019elle ne sort pas du domicile familial la journ\u00e9e, [&hellip;]<\/p>\n","protected":false},"author":1,"featured_media":0,"parent":16,"menu_order":0,"comment_status":"closed","ping_status":"closed","template":"","meta":{"footnotes":""},"class_list":["post-19","page","type-page","status-publish","hentry"],"_links":{"self":[{"href":"https:\/\/la-vie-pour-christie.com\/index.php\/wp-json\/wp\/v2\/pages\/19","targetHints":{"allow":["GET"]}}],"collection":[{"href":"https:\/\/la-vie-pour-christie.com\/index.php\/wp-json\/wp\/v2\/pages"}],"about":[{"href":"https:\/\/la-vie-pour-christie.com\/index.php\/wp-json\/wp\/v2\/types\/page"}],"author":[{"embeddable":true,"href":"https:\/\/la-vie-pour-christie.com\/index.php\/wp-json\/wp\/v2\/users\/1"}],"replies":[{"embeddable":true,"href":"https:\/\/la-vie-pour-christie.com\/index.php\/wp-json\/wp\/v2\/comments?post=19"}],"version-history":[{"count":4,"href":"https:\/\/la-vie-pour-christie.com\/index.php\/wp-json\/wp\/v2\/pages\/19\/revisions"}],"predecessor-version":[{"id":652,"href":"https:\/\/la-vie-pour-christie.com\/index.php\/wp-json\/wp\/v2\/pages\/19\/revisions\/652"}],"up":[{"embeddable":true,"href":"https:\/\/la-vie-pour-christie.com\/index.php\/wp-json\/wp\/v2\/pages\/16"}],"wp:attachment":[{"href":"https:\/\/la-vie-pour-christie.com\/index.php\/wp-json\/wp\/v2\/media?parent=19"}],"curies":[{"name":"wp","href":"https:\/\/api.w.org\/{rel}","templated":true}]}}