{"id":596,"date":"2026-03-30T16:21:19","date_gmt":"2026-03-30T14:21:19","guid":{"rendered":"https:\/\/www.la-vie-pour-christie.com\/?page_id=596"},"modified":"2026-03-30T16:21:19","modified_gmt":"2026-03-30T14:21:19","slug":"christie","status":"publish","type":"page","link":"https:\/\/la-vie-pour-christie.com\/index.php\/christie\/","title":{"rendered":"Christie"},"content":{"rendered":"<p><strong>\u00a0<\/strong><\/p>\n<p style=\"text-align: left;\"><strong>\u00a0\u00a0\u00a0\u00a0\u00a0\u00a0\u00a0\u00a0\u00a0\u00a0\u00a0\u00a0\u00a0\u00a0\u00a0\u00a0\u00a0\u00a0\u00a0\u00a0\u00a0\u00a0\u00a0\u00a0\u00a0\u00a0\u00a0\u00a0\u00a0\u00a0\u00a0\u00a0\u00a0\u00a0\u00a0\u00a0\u00a0\u00a0\u00a0 <img loading=\"lazy\" decoding=\"async\" class=\"size-full wp-image-598 alignleft\" src=\"https:\/\/www.la-vie-pour-christie.com\/wp-content\/uploads\/2026\/03\/christie-2026.png\" alt=\"\" width=\"151\" height=\"213\" \/>\u00a0\u00a0\u00a0\u00a0\u00a0\u00a0\u00a0\u00a0\u00a0\u00a0\u00a0\u00a0\u00a0\u00a0\u00a0\u00a0\u00a0\u00a0\u00a0 <\/strong><\/p>\n<p><strong>\u00a0<\/strong><\/p>\n<p><strong>\u00a0 Christie, un doux pr\u00e9nom de f\u00e9e<\/strong><\/p>\n<p><strong>\u00a0<\/strong><\/p>\n<p><strong>\u00a0<\/strong><\/p>\n<p>Christie, jeune fille au pr\u00e9nom de f\u00e9e, est atteinte du S syndrome, une maladie cutan\u00e9e rare qui lui interdit toute exposition \u00e0 la lumi\u00e8re du jour, au soleil, aux UV*, \u00e0 la chaleur et au froid et de troubles neurod\u00e9veloppementaux s\u00e9v\u00e8res..<\/p>\n<p>Elle pr\u00e9sente \u00e9galement une d\u00e9ficience intellectuelle et des troubles du spectre autistique s\u00e9v\u00e8res.<br \/>\nEn 2021, une scl\u00e9rose en plaques \u2014 maladie auto-immune \u2014 lui a \u00e9t\u00e9 diagnostiqu\u00e9e. Un traitement lui est administr\u00e9 en milieu hospitalier ou en Had toutes les 4 semaines afin de pr\u00e9venir les \u00e9ventuelles pouss\u00e9es susceptibles de provoquer de nouvelles l\u00e9sions dans son cerveau, d\u2019aggraver sa d\u00e9ficience et son autisme, ou d\u2019alt\u00e9rer le peu d\u2019autonomie qu\u2019elle conserve encore aujourd\u2019hui.<\/p>\n<p>Avec le temps, les prises en charge se sont malheureusement estomp\u00e9es. Sa maman, \u00e9paul\u00e9e par son mari, le papa de Christie et Charlie, lieutenant sapeur-pompier, assure d\u00e9sormais seule, depuis plusieurs ann\u00e9es, tous les besoins de Christie : \u00e9ducatifs, ludiques, m\u00e9dicaux et vitaux.<\/p>\n<p>Malgr\u00e9 la maladie, Christie rayonne.<br \/>\nNon verbale, mais intens\u00e9ment expressive, elle communique par le regard \u2014 ces yeux p\u00e9tillants, pleins de malice et d\u2019intelligence, qui parlent pour elle.<br \/>\nSous son apparente na\u00efvet\u00e9, elle surprend souvent son entourage par sa lucidit\u00e9 et sa grande sensibilit\u00e9 \u00e9motionnelle.<br \/>\nSans dire un mot, elle comprend les gens, devine leurs intentions, per\u00e7oit leurs \u00e9motions\u2026 qu\u2019ils la voient, l\u2019\u00e9coutent, la regardent ou non. Difficile de tromper Christie.<\/p>\n<p>Christie adore les comptines, les mots crois\u00e9s qu\u2019elle aime d\u00e9chirer avec application, et les gros magazines dont elle fait de la musique en froissant les pages.<br \/>\nElle aime aussi participer, \u00e0 sa fa\u00e7on, au quotidien de la vie familiale, toujours pr\u00e9sente, toujours curieuse.<\/p>\n<p>Christie est un v\u00e9ritable <strong>rayon de soleil<\/strong> : lumineuse, sensible et incroyablement attachante.<\/p>\n<p><em>(Christie et Charlie ne souhaitant pas apparaitre, les images sont volontairement cartoon avec leur accord)<\/em><\/p>\n<p>&nbsp;<\/p>\n<p>&nbsp;<\/p>\n","protected":false},"excerpt":{"rendered":"<p>\u00a0 \u00a0\u00a0\u00a0\u00a0\u00a0\u00a0\u00a0\u00a0\u00a0\u00a0\u00a0\u00a0\u00a0\u00a0\u00a0\u00a0\u00a0\u00a0\u00a0\u00a0\u00a0\u00a0\u00a0\u00a0\u00a0\u00a0\u00a0\u00a0\u00a0\u00a0\u00a0\u00a0\u00a0\u00a0\u00a0\u00a0\u00a0\u00a0\u00a0 \u00a0\u00a0\u00a0\u00a0\u00a0\u00a0\u00a0\u00a0\u00a0\u00a0\u00a0\u00a0\u00a0\u00a0\u00a0\u00a0\u00a0\u00a0\u00a0 \u00a0 \u00a0 Christie, un doux pr\u00e9nom de f\u00e9e \u00a0 \u00a0 Christie, jeune fille au pr\u00e9nom de f\u00e9e, est atteinte du S syndrome, une maladie cutan\u00e9e rare qui lui interdit toute exposition \u00e0 la lumi\u00e8re du jour, au soleil, aux UV*, \u00e0 la chaleur et au froid et de troubles neurod\u00e9veloppementaux s\u00e9v\u00e8res.. Elle [&hellip;]<\/p>\n","protected":false},"author":1,"featured_media":0,"parent":0,"menu_order":0,"comment_status":"closed","ping_status":"closed","template":"","meta":{"footnotes":""},"class_list":["post-596","page","type-page","status-publish","hentry"],"_links":{"self":[{"href":"https:\/\/la-vie-pour-christie.com\/index.php\/wp-json\/wp\/v2\/pages\/596","targetHints":{"allow":["GET"]}}],"collection":[{"href":"https:\/\/la-vie-pour-christie.com\/index.php\/wp-json\/wp\/v2\/pages"}],"about":[{"href":"https:\/\/la-vie-pour-christie.com\/index.php\/wp-json\/wp\/v2\/types\/page"}],"author":[{"embeddable":true,"href":"https:\/\/la-vie-pour-christie.com\/index.php\/wp-json\/wp\/v2\/users\/1"}],"replies":[{"embeddable":true,"href":"https:\/\/la-vie-pour-christie.com\/index.php\/wp-json\/wp\/v2\/comments?post=596"}],"version-history":[{"count":2,"href":"https:\/\/la-vie-pour-christie.com\/index.php\/wp-json\/wp\/v2\/pages\/596\/revisions"}],"predecessor-version":[{"id":600,"href":"https:\/\/la-vie-pour-christie.com\/index.php\/wp-json\/wp\/v2\/pages\/596\/revisions\/600"}],"wp:attachment":[{"href":"https:\/\/la-vie-pour-christie.com\/index.php\/wp-json\/wp\/v2\/media?parent=596"}],"curies":[{"name":"wp","href":"https:\/\/api.w.org\/{rel}","templated":true}]}}