{"id":602,"date":"2026-03-30T16:22:23","date_gmt":"2026-03-30T14:22:23","guid":{"rendered":"https:\/\/www.la-vie-pour-christie.com\/?page_id=602"},"modified":"2026-03-30T16:22:23","modified_gmt":"2026-03-30T14:22:23","slug":"charlie","status":"publish","type":"page","link":"https:\/\/la-vie-pour-christie.com\/index.php\/charlie\/","title":{"rendered":"Charlie"},"content":{"rendered":"<p><strong><img loading=\"lazy\" decoding=\"async\" class=\"size-full wp-image-597 alignleft\" src=\"https:\/\/www.la-vie-pour-christie.com\/wp-content\/uploads\/2026\/03\/charlie-2026.png\" alt=\"\" width=\"151\" height=\"213\" \/><\/strong><\/p>\n<p>&nbsp;<\/p>\n<p><strong>Charlie, un rayon de lune<\/strong><\/p>\n<p>&nbsp;<\/p>\n<p>&nbsp;<\/p>\n<p>&nbsp;<\/p>\n<p>&nbsp;<\/p>\n<p>Charlie est une jeune fille lumineuse, elle aussi porteuse du &#8212;-S Syndrome, une maladie cutan\u00e9e et neurologique rare qui, comme pour sa s\u0153ur, lui interdit toute exposition \u00e0 la lumi\u00e8re du jour, au soleil*, \u00e0 la chaleur et au froid.<\/p>\n<p>Hypersensible de naissance, Charlie est \u00e9galement porteuse de troubles du spectre de l\u2019autisme ainsi que d\u2019un Tda. Ces troubles ont un impact particulier sur elle, car sa maladie \u00e9volue au rythme de ses \u00e9motions.<\/p>\n<p>Charlie \u00e9tudie \u00e0 domicile, en direct de son lyc\u00e9e chaque jour pour se connecter avec sa classe pendant les mati\u00e8res professionnelles, elle re\u00e7oit une professeure d\u2019Anglais et un professeur de math\u00e9matiques \u00e0 domicile, sa Maman, dans un r\u00f4le de r\u00e9p\u00e9titrice, lui dispense le Fran\u00e7ais, l\u2019histoire g\u00e9ographie et l\u2019Italien via la plate forme du cned.<\/p>\n<p>Malgr\u00e9 ces d\u00e9fis, Charlie est une jeune fille d\u00e9termin\u00e9e, passionn\u00e9e et pers\u00e9v\u00e9rante. Elle ne renonce jamais, m\u00eame lorsque ses \u00e9tudes professionnelles, particuli\u00e8rement exigeantes, rendent difficile la gestion de son quotidien personnel, \u00e9motionnel et scolaire.<br \/>\nSon r\u00eave : <strong>devenir r\u00e9ceptionniste d\u2019h\u00f4tel dans un \u201cpays magique\u201d<\/strong> qui lui a ouvert ses portes il y a trois ans.<\/p>\n<p>C\u2019est dans ce lieu bienveillant qu\u2019elle effectue des stages professionnels adapt\u00e9s \u00e0 sa maladie, \u00e0 son handicap et \u00e0 sa fatigue, notamment durant la p\u00e9riode hivernale.<br \/>\nCette entreprise am\u00e9ricaine est le seule \u00e0 lui avoir offert un suivi r\u00e9gulier, en lui permettant de poursuivre son parcours jusqu\u2019\u00e0 la fin de sa scolarit\u00e9, gr\u00e2ce \u00e0 une belle et grande politique du handicap et de l\u2019inclusivit\u00e9 au c\u0153ur de ses valeurs. Elle y re\u00e7oit une formation adapt\u00e9e avec des am\u00e9nagements exceptionnels (4 jours par mois, 5 heures par jour) aupr\u00e8s de Managers, r\u00e9ceptionnistes et Cast bienveillants, attentifs et patients, dans des lieux s\u00e9curis\u00e9s.<br \/>\nCharlie peut \u00eatre fi\u00e8re du chemin parcouru et de celui qu\u2019elle continue de tracer, pas \u00e0 pas, avec courage et espoir.<\/p>\n<p>Passionn\u00e9e et r\u00eaveuse, Charlie nourrit une ambition : <strong>devenir com\u00e9dienne de th\u00e9\u00e2tre<\/strong>.<br \/>\nMalgr\u00e9 les refus essuy\u00e9s de la part d\u2019\u00e9coles et de clubs trop frileux \u00e0 l\u2019accueillir dans le Vaucluse, elle garde foi en son r\u00eave et ne cesse d\u2019y croire.<\/p>\n<p>Elle aime \u00e9crire, dessiner, lire, \u00e9couter de la musique, passer du temps avec ses chats, visiter des mus\u00e9es et assister \u00e0 des spectacles ou des com\u00e9dies musicales.<br \/>\nDans chacun de ces instants, elle trouve un peu de cette lumi\u00e8re douce qui lui est interdite, mais qu\u2019elle recr\u00e9e \u00e0 sa mani\u00e8re.<\/p>\n<p>Charlie est un <strong>rayon de lune<\/strong> : discr\u00e8te, volcanique, po\u00e9tique, intelligente et passionnate parce que passionn\u00e9e..<\/p>\n<p><em>(Christie et Charlie ne souhaitant pas apparaitre, les images sont volontairement cartoon avec leur accord)<\/em><\/p>\n","protected":false},"excerpt":{"rendered":"<p>&nbsp; Charlie, un rayon de lune &nbsp; &nbsp; &nbsp; &nbsp; Charlie est une jeune fille lumineuse, elle aussi porteuse du &#8212;-S Syndrome, une maladie cutan\u00e9e et neurologique rare qui, comme pour sa s\u0153ur, lui interdit toute exposition \u00e0 la lumi\u00e8re du jour, au soleil*, \u00e0 la chaleur et au froid. Hypersensible de naissance, Charlie est [&hellip;]<\/p>\n","protected":false},"author":1,"featured_media":0,"parent":0,"menu_order":0,"comment_status":"closed","ping_status":"closed","template":"","meta":{"footnotes":""},"class_list":["post-602","page","type-page","status-publish","hentry"],"_links":{"self":[{"href":"https:\/\/la-vie-pour-christie.com\/index.php\/wp-json\/wp\/v2\/pages\/602","targetHints":{"allow":["GET"]}}],"collection":[{"href":"https:\/\/la-vie-pour-christie.com\/index.php\/wp-json\/wp\/v2\/pages"}],"about":[{"href":"https:\/\/la-vie-pour-christie.com\/index.php\/wp-json\/wp\/v2\/types\/page"}],"author":[{"embeddable":true,"href":"https:\/\/la-vie-pour-christie.com\/index.php\/wp-json\/wp\/v2\/users\/1"}],"replies":[{"embeddable":true,"href":"https:\/\/la-vie-pour-christie.com\/index.php\/wp-json\/wp\/v2\/comments?post=602"}],"version-history":[{"count":3,"href":"https:\/\/la-vie-pour-christie.com\/index.php\/wp-json\/wp\/v2\/pages\/602\/revisions"}],"predecessor-version":[{"id":605,"href":"https:\/\/la-vie-pour-christie.com\/index.php\/wp-json\/wp\/v2\/pages\/602\/revisions\/605"}],"wp:attachment":[{"href":"https:\/\/la-vie-pour-christie.com\/index.php\/wp-json\/wp\/v2\/media?parent=602"}],"curies":[{"name":"wp","href":"https:\/\/api.w.org\/{rel}","templated":true}]}}