{"id":610,"date":"2026-03-30T16:30:51","date_gmt":"2026-03-30T14:30:51","guid":{"rendered":"https:\/\/www.la-vie-pour-christie.com\/?page_id=610"},"modified":"2026-03-30T16:30:51","modified_gmt":"2026-03-30T14:30:51","slug":"nos-objectifs","status":"publish","type":"page","link":"https:\/\/la-vie-pour-christie.com\/index.php\/lassociation\/nos-objectifs\/","title":{"rendered":"Nos objectifs"},"content":{"rendered":"<p>L\u2019association a pour mission premi\u00e8re de <strong>d\u00e9fendre les int\u00e9r\u00eats de Christie et Charlie<\/strong>.<\/p>\n<p>D\u00e9pendantes de leur famille, qu\u2019adviendra-t-il du suivi de Christie et Charlie dans les ann\u00e9es \u00e0 venir\u00a0? L\u2019association pourra t-elle toujours palier leurs besoins\u00a0? Il s\u2019agit de notre souhait le plus cher mais sans vous, sans votre soutien, rien ne sera possible tant que leur prise en charge m\u00e9dicale, param\u00e9dicale, leurs suivis, la partie technique de la scolarit\u00e9 et les frais annexes ne seront pas rembours\u00e9s ou pris en charge.<\/p>\n<p><u>Les objectifs de l\u2019association<\/u> sont de d\u00e9fendre les int\u00e9r\u00eats de Christie et Charlie.<br \/>\nLeur venir en aide constitue notre moteur essentiel. Leur bien-\u00eatre, leur \u00e9panouissement et la possibilit\u00e9 d\u2019acc\u00e9der aux meilleurs soins prodigu\u00e9s par des professeurs \u00e9m\u00e9rites fran\u00e7ais repr\u00e9sentent l\u2019essence m\u00eame de nos actions.<\/p>\n<p>Nous mettons tout en \u0153uvre pour rendre leur vie la plus simple possible, en appliquant toutes les strat\u00e9gies n\u00e9cessaires, notamment m\u00e9dicales. Cela inclut la possibilit\u00e9 pour elles de se rendre \u00e0 l\u2019h\u00f4pital Necker \u00e0 Paris aussi souvent que n\u00e9cessaire, car leur suivi, leur prise en charge et leurs soins exigent l\u2019intervention d\u2019une \u00e9quipe pluridisciplinaire en g\u00e9n\u00e9tique, dermatologie, recherche m\u00e9dicale, m\u00e9decine de la douleur et p\u00e9dopsychiatrie.<\/p>\n<p>La sant\u00e9 et les soins sont des droits fondamentaux. Cependant, pour Christie et Charlie, il est impossible de b\u00e9n\u00e9ficier de traitements adapt\u00e9s dans des centres de proximit\u00e9. Seuls l\u2019Institut Imagine et l\u2019h\u00f4pital Necker \u00e0 Paris sont en mesure de les accueillir. Or, se faire soigner hors de leur r\u00e9gion engendre des co\u00fbts importants, non pris en charge par les organismes de remboursement. L\u2019association finance principalement les trajets en TGV, l\u2019h\u00e9bergement dans un h\u00f4tel s\u00e9curis\u00e9 et les d\u00e9placements en taxi. Elle apporte \u00e9galement un soutien \u00e0 la famille lorsque cela s\u2019av\u00e8re n\u00e9cessaire.<\/p>\n<p>Au-del\u00e0 du financement des d\u00e9placements et soins, l\u2019association poursuit d\u2019autres objectifs essentiels :<\/p>\n<ul>\n<li><strong>Soutien m\u00e9dical et param\u00e9dical<\/strong> : acqu\u00e9rir du mat\u00e9riel adapt\u00e9, financer consultations et bilans non rembours\u00e9s.<\/li>\n<li><strong>Soutien \u00e9ducatif et scolaire<\/strong> : fournir du mat\u00e9riel p\u00e9dagogique adapt\u00e9, organiser un accompagnement scolaire personnalis\u00e9.<\/li>\n<li><strong>Loisirs et inclusion<\/strong> : permettre l\u2019acc\u00e8s \u00e0 des activit\u00e9s culturelles, cr\u00e9atives adapt\u00e9es, favoriser l\u2019inclusion sociale en toute s\u00e9curit\u00e9, d\u00e9velopper des programmes r\u00e9cr\u00e9atifs et sensoriels \u00e0 domicile.<\/li>\n<li><strong>Sensibilisation et information<\/strong> : informer le public sur les maladies rares et l\u2019autisme, organiser des \u00e9v\u00e9nements culturels et artistiques pour sensibiliser.<\/li>\n<\/ul>\n<p>Ainsi, l\u2019association agit \u00e0 la fois sur le plan m\u00e9dical, \u00e9ducatif, social et culturel pour garantir \u00e0 Christie et Charlie un accompagnement global, adapt\u00e9 et durable<\/p>\n<p>&nbsp;<\/p>\n","protected":false},"excerpt":{"rendered":"<p>L\u2019association a pour mission premi\u00e8re de d\u00e9fendre les int\u00e9r\u00eats de Christie et Charlie. D\u00e9pendantes de leur famille, qu\u2019adviendra-t-il du suivi de Christie et Charlie dans les ann\u00e9es \u00e0 venir\u00a0? L\u2019association pourra t-elle toujours palier leurs besoins\u00a0? Il s\u2019agit de notre souhait le plus cher mais sans vous, sans votre soutien, rien ne sera possible tant [&hellip;]<\/p>\n","protected":false},"author":1,"featured_media":0,"parent":30,"menu_order":0,"comment_status":"closed","ping_status":"closed","template":"","meta":{"footnotes":""},"class_list":["post-610","page","type-page","status-publish","hentry"],"_links":{"self":[{"href":"https:\/\/la-vie-pour-christie.com\/index.php\/wp-json\/wp\/v2\/pages\/610","targetHints":{"allow":["GET"]}}],"collection":[{"href":"https:\/\/la-vie-pour-christie.com\/index.php\/wp-json\/wp\/v2\/pages"}],"about":[{"href":"https:\/\/la-vie-pour-christie.com\/index.php\/wp-json\/wp\/v2\/types\/page"}],"author":[{"embeddable":true,"href":"https:\/\/la-vie-pour-christie.com\/index.php\/wp-json\/wp\/v2\/users\/1"}],"replies":[{"embeddable":true,"href":"https:\/\/la-vie-pour-christie.com\/index.php\/wp-json\/wp\/v2\/comments?post=610"}],"version-history":[{"count":1,"href":"https:\/\/la-vie-pour-christie.com\/index.php\/wp-json\/wp\/v2\/pages\/610\/revisions"}],"predecessor-version":[{"id":611,"href":"https:\/\/la-vie-pour-christie.com\/index.php\/wp-json\/wp\/v2\/pages\/610\/revisions\/611"}],"up":[{"embeddable":true,"href":"https:\/\/la-vie-pour-christie.com\/index.php\/wp-json\/wp\/v2\/pages\/30"}],"wp:attachment":[{"href":"https:\/\/la-vie-pour-christie.com\/index.php\/wp-json\/wp\/v2\/media?parent=610"}],"curies":[{"name":"wp","href":"https:\/\/api.w.org\/{rel}","templated":true}]}}