{"id":633,"date":"2026-03-30T16:47:37","date_gmt":"2026-03-30T14:47:37","guid":{"rendered":"https:\/\/www.la-vie-pour-christie.com\/?page_id=633"},"modified":"2026-03-30T16:47:37","modified_gmt":"2026-03-30T14:47:37","slug":"les-besoins-et-le-soutien-financier","status":"publish","type":"page","link":"https:\/\/la-vie-pour-christie.com\/index.php\/les-besoins-et-le-soutien-financier\/","title":{"rendered":"Les besoins et le soutien financier"},"content":{"rendered":"<p><img loading=\"lazy\" decoding=\"async\" class=\"alignnone size-full wp-image-634 aligncenter\" src=\"https:\/\/www.la-vie-pour-christie.com\/wp-content\/uploads\/2026\/03\/soutien-2026.png\" alt=\"\" width=\"191\" height=\"230\" \/><\/p>\n<p>La sant\u00e9 et les soins sont des droits fondamentaux.<br \/>\nCependant, pour Christie et Charlie, il est <strong>impossible de recevoir un suivi et les traitements adapt\u00e9s dans les centres de proximit\u00e9<\/strong>.<br \/>\nSeuls <strong>l\u2019Institut Imagine<\/strong> et <strong>l\u2019h\u00f4pital Necker<\/strong> sont en mesure de les accueillir.<\/p>\n<p>Ces d\u00e9placements et le suivi, non pris en charge par les organismes de remboursement, engendre des couts importants pour la famille.<\/p>\n<p>L\u2019association finance principalement :<\/p>\n<ul>\n<li style=\"list-style-type: none;\">\n<ul>\n<li>les <strong>trajets en TGV<\/strong>,<\/li>\n<li>les <strong>h\u00e9bergements dans un h\u00f4tel s\u00e9curis\u00e9<\/strong>,<\/li>\n<li>les <strong>d\u00e9placements en taxi<\/strong>,<br \/>\nainsi que tout autre besoin logistique n\u00e9cessaire \u00e0 leurs soins,<\/li>\n<li>Paliers les besoins techniques li\u00e9s \u00e0 la scolarit\u00e9.<\/li>\n<\/ul>\n<\/li>\n<\/ul>\n<p>L\u2019association apporte \u00e9galement un <strong>soutien moral et mat\u00e9riel \u00e0 la famille<\/strong> lorsque cela s\u2019av\u00e8re n\u00e9cessaire.<\/p>\n<p>Chaque contribution, m\u00eame minime, permet d\u2019all\u00e9ger leur quotidien et de maintenir l\u2019acc\u00e8s aux soins indispensables.<\/p>\n","protected":false},"excerpt":{"rendered":"<p>La sant\u00e9 et les soins sont des droits fondamentaux. Cependant, pour Christie et Charlie, il est impossible de recevoir un suivi et les traitements adapt\u00e9s dans les centres de proximit\u00e9. Seuls l\u2019Institut Imagine et l\u2019h\u00f4pital Necker sont en mesure de les accueillir. Ces d\u00e9placements et le suivi, non pris en charge par les organismes de [&hellip;]<\/p>\n","protected":false},"author":1,"featured_media":0,"parent":0,"menu_order":0,"comment_status":"closed","ping_status":"closed","template":"","meta":{"footnotes":""},"class_list":["post-633","page","type-page","status-publish","hentry"],"_links":{"self":[{"href":"https:\/\/la-vie-pour-christie.com\/index.php\/wp-json\/wp\/v2\/pages\/633","targetHints":{"allow":["GET"]}}],"collection":[{"href":"https:\/\/la-vie-pour-christie.com\/index.php\/wp-json\/wp\/v2\/pages"}],"about":[{"href":"https:\/\/la-vie-pour-christie.com\/index.php\/wp-json\/wp\/v2\/types\/page"}],"author":[{"embeddable":true,"href":"https:\/\/la-vie-pour-christie.com\/index.php\/wp-json\/wp\/v2\/users\/1"}],"replies":[{"embeddable":true,"href":"https:\/\/la-vie-pour-christie.com\/index.php\/wp-json\/wp\/v2\/comments?post=633"}],"version-history":[{"count":1,"href":"https:\/\/la-vie-pour-christie.com\/index.php\/wp-json\/wp\/v2\/pages\/633\/revisions"}],"predecessor-version":[{"id":635,"href":"https:\/\/la-vie-pour-christie.com\/index.php\/wp-json\/wp\/v2\/pages\/633\/revisions\/635"}],"wp:attachment":[{"href":"https:\/\/la-vie-pour-christie.com\/index.php\/wp-json\/wp\/v2\/media?parent=633"}],"curies":[{"name":"wp","href":"https:\/\/api.w.org\/{rel}","templated":true}]}}