{"id":636,"date":"2026-03-30T16:54:26","date_gmt":"2026-03-30T14:54:26","guid":{"rendered":"https:\/\/www.la-vie-pour-christie.com\/?page_id=636"},"modified":"2026-03-30T16:57:01","modified_gmt":"2026-03-30T14:57:01","slug":"faire-un-don","status":"publish","type":"page","link":"https:\/\/la-vie-pour-christie.com\/index.php\/faire-un-don\/","title":{"rendered":"Faire un don"},"content":{"rendered":"<p>Vous pouvez soutenir l\u2019association en effectuant un <strong>don ponctuel ou r\u00e9gulier<\/strong> :<\/p>\n<ul>\n<li>par <strong>virement bancaire<\/strong>,<\/li>\n<li>par <strong>ch\u00e8que<\/strong>,<\/li>\n<li>ou via notre <strong>plateforme de dons en ligne<\/strong> (\u00e0 ins\u00e9rer : lien ou bouton \u201cFaire un don\u201d).\u00a0? est ce que c\u2019est possible\u00a0?<\/li>\n<\/ul>\n<p>Chaque euro compte, et chaque don est utilis\u00e9 <strong>int\u00e9gralement<\/strong> pour Christie et Charlie.<\/p>\n<p><a href=\"https:\/\/www.la-vie-pour-christie.com\/wp-content\/uploads\/2026\/03\/Faire-un-don-LVPC-2026.pdf\" target=\"_blank\" rel=\"noopener\">T\u00e9l\u00e9charger le Formulaire de don<\/a><\/p>\n<a href=\"https:\/\/www.la-vie-pour-christie.com\/wp-content\/uploads\/2026\/03\/Faire-un-don-LVPC-2026.pdf\" class=\"pdfemb-viewer\" style=\"\" data-width=\"max\" data-height=\"max\" data-toolbar=\"bottom\" data-toolbar-fixed=\"off\">Faire un don LVPC 2026<\/a>\n<p>&nbsp;<\/p>\n<p>Chaque don fera l\u2019objet d\u2019un re\u00e7u fiscal envoy\u00e9 par courrier.<\/p>\n<p>Chaque contribution, m\u00eame minime, permet d\u2019all\u00e9ger leur quotidien et de maintenir l\u2019acc\u00e8s aux soins indispensables.<\/p>\n","protected":false},"excerpt":{"rendered":"<p>Vous pouvez soutenir l\u2019association en effectuant un don ponctuel ou r\u00e9gulier : par virement bancaire, par ch\u00e8que, ou via notre plateforme de dons en ligne (\u00e0 ins\u00e9rer : lien ou bouton \u201cFaire un don\u201d).\u00a0? est ce que c\u2019est possible\u00a0? Chaque euro compte, et chaque don est utilis\u00e9 int\u00e9gralement pour Christie et Charlie. T\u00e9l\u00e9charger le Formulaire [&hellip;]<\/p>\n","protected":false},"author":1,"featured_media":0,"parent":0,"menu_order":0,"comment_status":"closed","ping_status":"closed","template":"","meta":{"footnotes":""},"class_list":["post-636","page","type-page","status-publish","hentry"],"_links":{"self":[{"href":"https:\/\/la-vie-pour-christie.com\/index.php\/wp-json\/wp\/v2\/pages\/636","targetHints":{"allow":["GET"]}}],"collection":[{"href":"https:\/\/la-vie-pour-christie.com\/index.php\/wp-json\/wp\/v2\/pages"}],"about":[{"href":"https:\/\/la-vie-pour-christie.com\/index.php\/wp-json\/wp\/v2\/types\/page"}],"author":[{"embeddable":true,"href":"https:\/\/la-vie-pour-christie.com\/index.php\/wp-json\/wp\/v2\/users\/1"}],"replies":[{"embeddable":true,"href":"https:\/\/la-vie-pour-christie.com\/index.php\/wp-json\/wp\/v2\/comments?post=636"}],"version-history":[{"count":4,"href":"https:\/\/la-vie-pour-christie.com\/index.php\/wp-json\/wp\/v2\/pages\/636\/revisions"}],"predecessor-version":[{"id":644,"href":"https:\/\/la-vie-pour-christie.com\/index.php\/wp-json\/wp\/v2\/pages\/636\/revisions\/644"}],"wp:attachment":[{"href":"https:\/\/la-vie-pour-christie.com\/index.php\/wp-json\/wp\/v2\/media?parent=636"}],"curies":[{"name":"wp","href":"https:\/\/api.w.org\/{rel}","templated":true}]}}