{"id":646,"date":"2026-03-30T16:58:08","date_gmt":"2026-03-30T14:58:08","guid":{"rendered":"https:\/\/www.la-vie-pour-christie.com\/?page_id=646"},"modified":"2026-03-30T16:58:08","modified_gmt":"2026-03-30T14:58:08","slug":"entreprises-et-partenaires","status":"publish","type":"page","link":"https:\/\/la-vie-pour-christie.com\/index.php\/entreprises-et-partenaires\/","title":{"rendered":"Entreprises et partenaires"},"content":{"rendered":"<p>Vous \u00eates une <strong>entreprise<\/strong> ou une <strong>association<\/strong> souhaitant s\u2019engager \u00e0 nos c\u00f4t\u00e9s ?<br \/>\nNous serions ravis de collaborer pour :<\/p>\n<ul>\n<li style=\"list-style-type: none;\">\n<ul>\n<li>organiser des <strong>\u00e9v\u00e9nements solidaires<\/strong>,<\/li>\n<li>mettre en place des <strong>parrainages<\/strong>,<\/li>\n<li>mettre en place un partenariat financier,<\/li>\n<li>ou d\u00e9velopper des <strong>actions de m\u00e9c\u00e9nat<\/strong> au profit de l\u2019association.<\/li>\n<\/ul>\n<\/li>\n<\/ul>\n<p>Ensemble, faisons la diff\u00e9rence.<\/p>\n<p>Chaque contribution, m\u00eame minime, permet d\u2019all\u00e9ger leur quotidien et de maintenir l\u2019acc\u00e8s aux soins indispensables.<\/p>\n","protected":false},"excerpt":{"rendered":"<p>Vous \u00eates une entreprise ou une association souhaitant s\u2019engager \u00e0 nos c\u00f4t\u00e9s ? Nous serions ravis de collaborer pour : organiser des \u00e9v\u00e9nements solidaires, mettre en place des parrainages, mettre en place un partenariat financier, ou d\u00e9velopper des actions de m\u00e9c\u00e9nat au profit de l\u2019association. Ensemble, faisons la diff\u00e9rence. Chaque contribution, m\u00eame minime, permet d\u2019all\u00e9ger [&hellip;]<\/p>\n","protected":false},"author":1,"featured_media":0,"parent":0,"menu_order":0,"comment_status":"closed","ping_status":"closed","template":"","meta":{"footnotes":""},"class_list":["post-646","page","type-page","status-publish","hentry"],"_links":{"self":[{"href":"https:\/\/la-vie-pour-christie.com\/index.php\/wp-json\/wp\/v2\/pages\/646","targetHints":{"allow":["GET"]}}],"collection":[{"href":"https:\/\/la-vie-pour-christie.com\/index.php\/wp-json\/wp\/v2\/pages"}],"about":[{"href":"https:\/\/la-vie-pour-christie.com\/index.php\/wp-json\/wp\/v2\/types\/page"}],"author":[{"embeddable":true,"href":"https:\/\/la-vie-pour-christie.com\/index.php\/wp-json\/wp\/v2\/users\/1"}],"replies":[{"embeddable":true,"href":"https:\/\/la-vie-pour-christie.com\/index.php\/wp-json\/wp\/v2\/comments?post=646"}],"version-history":[{"count":2,"href":"https:\/\/la-vie-pour-christie.com\/index.php\/wp-json\/wp\/v2\/pages\/646\/revisions"}],"predecessor-version":[{"id":648,"href":"https:\/\/la-vie-pour-christie.com\/index.php\/wp-json\/wp\/v2\/pages\/646\/revisions\/648"}],"wp:attachment":[{"href":"https:\/\/la-vie-pour-christie.com\/index.php\/wp-json\/wp\/v2\/media?parent=646"}],"curies":[{"name":"wp","href":"https:\/\/api.w.org\/{rel}","templated":true}]}}